{"id":24856,"date":"2017-11-15T09:22:33","date_gmt":"2017-11-15T14:22:33","guid":{"rendered":"https:\/\/growingupbilingual.com\/home\/"},"modified":"2023-05-09T12:19:47","modified_gmt":"2023-05-09T16:19:47","slug":"home","status":"publish","type":"page","link":"https:\/\/growingupbilingual.com\/es\/","title":{"rendered":"Home"},"content":{"rendered":"<section class=\"wpb-content-wrapper\"><p>[vc_row el_class=\u00bbgubber\u00bb][vc_column][vc_empty_space height=\u00bb30px\u00bb][vc_text_separator title=\u00bbViajes\u00bb color=\u00bbcustom\u00bb el_width=\u00bb90&#8243; accent_color=\u00bb#4b4b4b\u00bb css=\u00bb.vc_custom_1683649156629{margin-bottom: 45px !important;}\u00bb][vc_basic_grid post_type=\u00bbpost\u00bb max_items=\u00bb9&#8243; style=\u00bbpagination\u00bb items_per_page=\u00bb3&#8243; gap=\u00bb15&#8243; arrows_design=\u00bbvc_arrow-icon-arrow_12_left\u00bb arrows_position=\u00bboutside\u00bb arrows_color=\u00bbblack\u00bb paging_design=\u00bbpagination_rounded_dark\u00bb paging_color=\u00bbblack\u00bb item=\u00bb24163&#8243; grid_id=\u00bbvc_gid:1683649126334-80ae24f2-bc7b-1&#8243; taxonomies=\u00bb2996&#8243;][\/vc_column][\/vc_row][vc_row el_class=\u00bbgubber\u00bb][vc_column][vc_text_separator title=\u00bbRecetas\u00bb color=\u00bbcustom\u00bb el_width=\u00bb90&#8243; accent_color=\u00bb#4b4b4b\u00bb css=\u00bb.vc_custom_1683649165301{margin-bottom: 45px !important;}\u00bb][vc_basic_grid post_type=\u00bbpost\u00bb max_items=\u00bb9&#8243; style=\u00bbpagination\u00bb items_per_page=\u00bb3&#8243; gap=\u00bb15&#8243; arrows_design=\u00bbvc_arrow-icon-arrow_12_left\u00bb arrows_position=\u00bboutside\u00bb arrows_color=\u00bbblack\u00bb paging_design=\u00bbpagination_rounded_dark\u00bb paging_color=\u00bbblack\u00bb item=\u00bb24163&#8243; grid_id=\u00bbvc_gid:1683649126334-5d64ba0d-630d-4&#8243; taxonomies=\u00bb3007&#8243;][\/vc_column][\/vc_row][vc_row el_class=\u00bbgubber\u00bb][vc_column][vc_text_separator title=\u00bbEstilo de Vida\u00bb color=\u00bbcustom\u00bb el_width=\u00bb90&#8243; accent_color=\u00bb#4b4b4b\u00bb css=\u00bb.vc_custom_1510764265440{margin-bottom: 45px !important;}\u00bb][vc_basic_grid post_type=\u00bbpost\u00bb max_items=\u00bb9&#8243; style=\u00bbpagination\u00bb items_per_page=\u00bb3&#8243; gap=\u00bb15&#8243; arrows_design=\u00bbvc_arrow-icon-arrow_12_left\u00bb arrows_position=\u00bboutside\u00bb arrows_color=\u00bbblack\u00bb paging_design=\u00bbpagination_rounded_dark\u00bb paging_color=\u00bbblack\u00bb item=\u00bb24163&#8243; grid_id=\u00bbvc_gid:1683649126335-5febaeb8-313b-7&#8243; taxonomies=\u00bb5258, 1708, 44, 2938, 3719&#8243;][\/vc_column][\/vc_row][vc_row el_class=\u00bbgubber\u00bb][vc_column][vc_text_separator title=\u00bbM\u00e1s Publicaciones Nuevas\u00bb color=\u00bbcustom\u00bb el_width=\u00bb90&#8243; accent_color=\u00bb#4b4b4b\u00bb css=\u00bb.vc_custom_1510843524442{margin-bottom: 45px !important;}\u00bb][vc_basic_grid post_type=\u00bbpost\u00bb max_items=\u00bb9&#8243; style=\u00bbpagination\u00bb items_per_page=\u00bb3&#8243; gap=\u00bb15&#8243; arrows_design=\u00bbvc_arrow-icon-arrow_12_left\u00bb arrows_position=\u00bboutside\u00bb arrows_color=\u00bbblack\u00bb paging_design=\u00bbpagination_rounded_dark\u00bb paging_color=\u00bbblack\u00bb item=\u00bb24163&#8243; grid_id=\u00bbvc_gid:1683649126335-6faa89fb-d356-3&#8243; offset=\u00bb18&#8243;][\/vc_column][\/vc_row][vc_row el_class=\u00bbgubber\u00bb][vc_column][vc_text_separator title=\u00bbReader Favoritos\u00bb color=\u00bbcustom\u00bb el_width=\u00bb90&#8243; accent_color=\u00bb#4b4b4b\u00bb css=\u00bb.vc_custom_1520365852420{margin-bottom: 45px !important;}\u00bb][vc_basic_grid post_type=\u00bbpost\u00bb max_items=\u00bb9&#8243; style=\u00bbpagination\u00bb items_per_page=\u00bb3&#8243; gap=\u00bb15&#8243; orderby=\u00bbmeta_value_num\u00bb arrows_design=\u00bbvc_arrow-icon-arrow_12_left\u00bb arrows_position=\u00bboutside\u00bb arrows_color=\u00bbblack\u00bb paging_design=\u00bbpagination_rounded_dark\u00bb paging_color=\u00bbblack\u00bb item=\u00bb24163&#8243; grid_id=\u00bbvc_gid:1683649126336-46403f40-938a-0&#8243; meta_key=\u00bb_totes\u00bb][\/vc_column][\/vc_row]<\/p>\n<\/section>","protected":false},"excerpt":{"rendered":"<p>[vc_row el_class=\u00bbgubber\u00bb][vc_column][vc_empty_space height=\u00bb30px\u00bb][vc_text_separator title=\u00bbViajes\u00bb color=\u00bbcustom\u00bb el_width=\u00bb90&#8243; accent_color=\u00bb#4b4b4b\u00bb css=\u00bb.vc_custom_1683649156629{margin-bottom: 45px !important;}\u00bb][vc_basic_grid post_type=\u00bbpost\u00bb max_items=\u00bb9&#8243; style=\u00bbpagination\u00bb items_per_page=\u00bb3&#8243; gap=\u00bb15&#8243; arrows_design=\u00bbvc_arrow-icon-arrow_12_left\u00bb arrows_position=\u00bboutside\u00bb arrows_color=\u00bbblack\u00bb paging_design=\u00bbpagination_rounded_dark\u00bb paging_color=\u00bbblack\u00bb item=\u00bb24163&#8243; grid_id=\u00bbvc_gid:1683649126334-80ae24f2-bc7b-1&#8243; taxonomies=\u00bb2996&#8243;][\/vc_column][\/vc_row][vc_row el_class=\u00bbgubber\u00bb][vc_column][vc_text_separator title=\u00bbRecetas\u00bb color=\u00bbcustom\u00bb el_width=\u00bb90&#8243; accent_color=\u00bb#4b4b4b\u00bb css=\u00bb.vc_custom_1683649165301{margin-bottom: 45px !important;}\u00bb][vc_basic_grid post_type=\u00bbpost\u00bb max_items=\u00bb9&#8243; style=\u00bbpagination\u00bb items_per_page=\u00bb3&#8243; gap=\u00bb15&#8243; arrows_design=\u00bbvc_arrow-icon-arrow_12_left\u00bb arrows_position=\u00bboutside\u00bb arrows_color=\u00bbblack\u00bb paging_design=\u00bbpagination_rounded_dark\u00bb paging_color=\u00bbblack\u00bb item=\u00bb24163&#8243; grid_id=\u00bbvc_gid:1683649126334-5d64ba0d-630d-4&#8243; taxonomies=\u00bb3007&#8243;][\/vc_column][\/vc_row][vc_row el_class=\u00bbgubber\u00bb][vc_column][vc_text_separator title=\u00bbEstilo de Vida\u00bb color=\u00bbcustom\u00bb el_width=\u00bb90&#8243; accent_color=\u00bb#4b4b4b\u00bb css=\u00bb.vc_custom_1510764265440{margin-bottom: 45px !important;}\u00bb][vc_basic_grid post_type=\u00bbpost\u00bb &#8230; <a title=\"Home\" class=\"read-more\" href=\"https:\/\/growingupbilingual.com\/es\/\" aria-label=\"Leer m\u00e1s sobre Home\">Read more<\/a><\/p>\n","protected":false},"author":1,"featured_media":0,"parent":0,"menu_order":0,"comment_status":"closed","ping_status":"closed","template":"","meta":{"disable-jtr":false,"wprm-recipe-roundup-name":"","wprm-recipe-roundup-description":"","footnotes":""},"class_list":{"0":"post-24856","1":"page","2":"type-page","3":"status-publish","5":"infinite-scroll-item"},"yoast_head":"<!-- This site is optimized with the Yoast SEO plugin v27.3 - https:\/\/yoast.com\/product\/yoast-seo-wordpress\/ -->\n<title>Home<\/title>\n<meta name=\"robots\" content=\"index, follow, max-snippet:-1, max-image-preview:large, max-video-preview:-1\" \/>\n<link rel=\"canonical\" href=\"https:\/\/growingupbilingual.com\/es\/\" \/>\n<meta property=\"og:locale\" content=\"es_ES\" \/>\n<meta property=\"og:type\" content=\"article\" \/>\n<meta property=\"og:title\" content=\"Home\" \/>\n<meta property=\"og:description\" content=\"[vc_row el_class=\u00bbgubber\u00bb][vc_column][vc_empty_space height=\u00bb30px\u00bb][vc_text_separator title=\u00bbViajes\u00bb color=\u00bbcustom\u00bb el_width=\u00bb90&#8243; accent_color=\u00bb#4b4b4b\u00bb css=\u00bb.vc_custom_1683649156629{margin-bottom: 45px !important;}\u00bb][vc_basic_grid post_type=\u00bbpost\u00bb max_items=\u00bb9&#8243; style=\u00bbpagination\u00bb items_per_page=\u00bb3&#8243; gap=\u00bb15&#8243; arrows_design=\u00bbvc_arrow-icon-arrow_12_left\u00bb arrows_position=\u00bboutside\u00bb arrows_color=\u00bbblack\u00bb paging_design=\u00bbpagination_rounded_dark\u00bb paging_color=\u00bbblack\u00bb item=\u00bb24163&#8243; grid_id=\u00bbvc_gid:1683649126334-80ae24f2-bc7b-1&#8243; taxonomies=\u00bb2996&#8243;][\/vc_column][\/vc_row][vc_row el_class=\u00bbgubber\u00bb][vc_column][vc_text_separator title=\u00bbRecetas\u00bb color=\u00bbcustom\u00bb el_width=\u00bb90&#8243; accent_color=\u00bb#4b4b4b\u00bb css=\u00bb.vc_custom_1683649165301{margin-bottom: 45px !important;}\u00bb][vc_basic_grid post_type=\u00bbpost\u00bb max_items=\u00bb9&#8243; style=\u00bbpagination\u00bb items_per_page=\u00bb3&#8243; gap=\u00bb15&#8243; arrows_design=\u00bbvc_arrow-icon-arrow_12_left\u00bb arrows_position=\u00bboutside\u00bb arrows_color=\u00bbblack\u00bb paging_design=\u00bbpagination_rounded_dark\u00bb paging_color=\u00bbblack\u00bb item=\u00bb24163&#8243; grid_id=\u00bbvc_gid:1683649126334-5d64ba0d-630d-4&#8243; taxonomies=\u00bb3007&#8243;][\/vc_column][\/vc_row][vc_row el_class=\u00bbgubber\u00bb][vc_column][vc_text_separator title=\u00bbEstilo de Vida\u00bb color=\u00bbcustom\u00bb el_width=\u00bb90&#8243; accent_color=\u00bb#4b4b4b\u00bb css=\u00bb.vc_custom_1510764265440{margin-bottom: 45px !important;}\u00bb][vc_basic_grid post_type=\u00bbpost\u00bb ... Read more\" \/>\n<meta property=\"og:url\" content=\"https:\/\/growingupbilingual.com\/es\/\" \/>\n<meta property=\"og:site_name\" content=\"Growing Up Bilingual\" \/>\n<meta property=\"article:publisher\" content=\"https:\/\/www.facebook.com\/GrowUpBilingual\" \/>\n<meta property=\"article:modified_time\" content=\"2023-05-09T16:19:47+00:00\" \/>\n<meta property=\"og:image\" content=\"https:\/\/growingupbilingual.com\/wp-content\/uploads\/2017\/10\/cropped-GUB_logo2017_512x512.png\" \/>\n\t<meta property=\"og:image:width\" content=\"512\" \/>\n\t<meta property=\"og:image:height\" content=\"512\" \/>\n\t<meta property=\"og:image:type\" content=\"image\/png\" \/>\n<meta name=\"twitter:card\" content=\"summary_large_image\" \/>\n<meta name=\"twitter:site\" content=\"@GrowUpBilingual\" \/>\n<meta name=\"twitter:label1\" content=\"Tiempo de lectura\" \/>\n\t<meta name=\"twitter:data1\" content=\"1 minuto\" \/>\n<script type=\"application\/ld+json\" class=\"yoast-schema-graph\">{\"@context\":\"https:\\\/\\\/schema.org\",\"@graph\":[{\"@type\":\"WebPage\",\"@id\":\"https:\\\/\\\/growingupbilingual.com\\\/es\\\/\",\"url\":\"https:\\\/\\\/growingupbilingual.com\\\/es\\\/\",\"name\":\"Home\",\"isPartOf\":{\"@id\":\"https:\\\/\\\/growingupbilingual.com\\\/es\\\/#website\"},\"datePublished\":\"2017-11-15T14:22:33+00:00\",\"dateModified\":\"2023-05-09T16:19:47+00:00\",\"breadcrumb\":{\"@id\":\"https:\\\/\\\/growingupbilingual.com\\\/es\\\/#breadcrumb\"},\"inLanguage\":\"es\",\"potentialAction\":[{\"@type\":\"ReadAction\",\"target\":[\"https:\\\/\\\/growingupbilingual.com\\\/es\\\/\"]}]},{\"@type\":\"BreadcrumbList\",\"@id\":\"https:\\\/\\\/growingupbilingual.com\\\/es\\\/#breadcrumb\",\"itemListElement\":[{\"@type\":\"ListItem\",\"position\":1,\"name\":\"Home\",\"item\":\"https:\\\/\\\/growingupbilingual.com\\\/es\\\/\"},{\"@type\":\"ListItem\",\"position\":2,\"name\":\"Home\"}]},{\"@type\":\"WebSite\",\"@id\":\"https:\\\/\\\/growingupbilingual.com\\\/es\\\/#website\",\"url\":\"https:\\\/\\\/growingupbilingual.com\\\/es\\\/\",\"name\":\"Growing Up Bilingual\",\"description\":\"Exploring the world through food, culture and familia.\",\"publisher\":{\"@id\":\"https:\\\/\\\/growingupbilingual.com\\\/es\\\/#organization\"},\"potentialAction\":[{\"@type\":\"SearchAction\",\"target\":{\"@type\":\"EntryPoint\",\"urlTemplate\":\"https:\\\/\\\/growingupbilingual.com\\\/es\\\/?s={search_term_string}\"},\"query-input\":{\"@type\":\"PropertyValueSpecification\",\"valueRequired\":true,\"valueName\":\"search_term_string\"}}],\"inLanguage\":\"es\"},{\"@type\":\"Organization\",\"@id\":\"https:\\\/\\\/growingupbilingual.com\\\/es\\\/#organization\",\"name\":\"Growing Up Bilingual\",\"url\":\"https:\\\/\\\/growingupbilingual.com\\\/es\\\/\",\"logo\":{\"@type\":\"ImageObject\",\"inLanguage\":\"es\",\"@id\":\"https:\\\/\\\/growingupbilingual.com\\\/es\\\/#\\\/schema\\\/logo\\\/image\\\/\",\"url\":\"https:\\\/\\\/i1.wp.com\\\/growingupbilingual.com\\\/wp-content\\\/uploads\\\/2017\\\/10\\\/GUB_logo2017_512x512.png?fit=512%2C512&ssl=1\",\"contentUrl\":\"https:\\\/\\\/i1.wp.com\\\/growingupbilingual.com\\\/wp-content\\\/uploads\\\/2017\\\/10\\\/GUB_logo2017_512x512.png?fit=512%2C512&ssl=1\",\"width\":512,\"height\":512,\"caption\":\"Growing Up Bilingual\"},\"image\":{\"@id\":\"https:\\\/\\\/growingupbilingual.com\\\/es\\\/#\\\/schema\\\/logo\\\/image\\\/\"},\"sameAs\":[\"https:\\\/\\\/www.facebook.com\\\/GrowUpBilingual\",\"https:\\\/\\\/x.com\\\/GrowUpBilingual\",\"https:\\\/\\\/www.instagram.com\\\/paulabendfeldt\\\/\",\"https:\\\/\\\/www.pinterest.com\\\/paulabendfeldt\\\/\"]}]}<\/script>\n<!-- \/ Yoast SEO plugin. -->","yoast_head_json":{"title":"Home","robots":{"index":"index","follow":"follow","max-snippet":"max-snippet:-1","max-image-preview":"max-image-preview:large","max-video-preview":"max-video-preview:-1"},"canonical":"https:\/\/growingupbilingual.com\/es\/","og_locale":"es_ES","og_type":"article","og_title":"Home","og_description":"[vc_row el_class=\u00bbgubber\u00bb][vc_column][vc_empty_space height=\u00bb30px\u00bb][vc_text_separator title=\u00bbViajes\u00bb color=\u00bbcustom\u00bb el_width=\u00bb90&#8243; accent_color=\u00bb#4b4b4b\u00bb css=\u00bb.vc_custom_1683649156629{margin-bottom: 45px !important;}\u00bb][vc_basic_grid post_type=\u00bbpost\u00bb max_items=\u00bb9&#8243; style=\u00bbpagination\u00bb items_per_page=\u00bb3&#8243; gap=\u00bb15&#8243; arrows_design=\u00bbvc_arrow-icon-arrow_12_left\u00bb arrows_position=\u00bboutside\u00bb arrows_color=\u00bbblack\u00bb paging_design=\u00bbpagination_rounded_dark\u00bb paging_color=\u00bbblack\u00bb item=\u00bb24163&#8243; grid_id=\u00bbvc_gid:1683649126334-80ae24f2-bc7b-1&#8243; taxonomies=\u00bb2996&#8243;][\/vc_column][\/vc_row][vc_row el_class=\u00bbgubber\u00bb][vc_column][vc_text_separator title=\u00bbRecetas\u00bb color=\u00bbcustom\u00bb el_width=\u00bb90&#8243; accent_color=\u00bb#4b4b4b\u00bb css=\u00bb.vc_custom_1683649165301{margin-bottom: 45px !important;}\u00bb][vc_basic_grid post_type=\u00bbpost\u00bb max_items=\u00bb9&#8243; style=\u00bbpagination\u00bb items_per_page=\u00bb3&#8243; gap=\u00bb15&#8243; arrows_design=\u00bbvc_arrow-icon-arrow_12_left\u00bb arrows_position=\u00bboutside\u00bb arrows_color=\u00bbblack\u00bb paging_design=\u00bbpagination_rounded_dark\u00bb paging_color=\u00bbblack\u00bb item=\u00bb24163&#8243; grid_id=\u00bbvc_gid:1683649126334-5d64ba0d-630d-4&#8243; taxonomies=\u00bb3007&#8243;][\/vc_column][\/vc_row][vc_row el_class=\u00bbgubber\u00bb][vc_column][vc_text_separator title=\u00bbEstilo de Vida\u00bb color=\u00bbcustom\u00bb el_width=\u00bb90&#8243; accent_color=\u00bb#4b4b4b\u00bb css=\u00bb.vc_custom_1510764265440{margin-bottom: 45px !important;}\u00bb][vc_basic_grid post_type=\u00bbpost\u00bb ... Read more","og_url":"https:\/\/growingupbilingual.com\/es\/","og_site_name":"Growing Up Bilingual","article_publisher":"https:\/\/www.facebook.com\/GrowUpBilingual","article_modified_time":"2023-05-09T16:19:47+00:00","og_image":[{"width":512,"height":512,"url":"https:\/\/growingupbilingual.com\/wp-content\/uploads\/2017\/10\/cropped-GUB_logo2017_512x512.png","type":"image\/png"}],"twitter_card":"summary_large_image","twitter_site":"@GrowUpBilingual","twitter_misc":{"Tiempo de lectura":"1 minuto"},"schema":{"@context":"https:\/\/schema.org","@graph":[{"@type":"WebPage","@id":"https:\/\/growingupbilingual.com\/es\/","url":"https:\/\/growingupbilingual.com\/es\/","name":"Home","isPartOf":{"@id":"https:\/\/growingupbilingual.com\/es\/#website"},"datePublished":"2017-11-15T14:22:33+00:00","dateModified":"2023-05-09T16:19:47+00:00","breadcrumb":{"@id":"https:\/\/growingupbilingual.com\/es\/#breadcrumb"},"inLanguage":"es","potentialAction":[{"@type":"ReadAction","target":["https:\/\/growingupbilingual.com\/es\/"]}]},{"@type":"BreadcrumbList","@id":"https:\/\/growingupbilingual.com\/es\/#breadcrumb","itemListElement":[{"@type":"ListItem","position":1,"name":"Home","item":"https:\/\/growingupbilingual.com\/es\/"},{"@type":"ListItem","position":2,"name":"Home"}]},{"@type":"WebSite","@id":"https:\/\/growingupbilingual.com\/es\/#website","url":"https:\/\/growingupbilingual.com\/es\/","name":"Growing Up Bilingual","description":"Exploring the world through food, culture and familia.","publisher":{"@id":"https:\/\/growingupbilingual.com\/es\/#organization"},"potentialAction":[{"@type":"SearchAction","target":{"@type":"EntryPoint","urlTemplate":"https:\/\/growingupbilingual.com\/es\/?s={search_term_string}"},"query-input":{"@type":"PropertyValueSpecification","valueRequired":true,"valueName":"search_term_string"}}],"inLanguage":"es"},{"@type":"Organization","@id":"https:\/\/growingupbilingual.com\/es\/#organization","name":"Growing Up Bilingual","url":"https:\/\/growingupbilingual.com\/es\/","logo":{"@type":"ImageObject","inLanguage":"es","@id":"https:\/\/growingupbilingual.com\/es\/#\/schema\/logo\/image\/","url":"https:\/\/i1.wp.com\/growingupbilingual.com\/wp-content\/uploads\/2017\/10\/GUB_logo2017_512x512.png?fit=512%2C512&ssl=1","contentUrl":"https:\/\/i1.wp.com\/growingupbilingual.com\/wp-content\/uploads\/2017\/10\/GUB_logo2017_512x512.png?fit=512%2C512&ssl=1","width":512,"height":512,"caption":"Growing Up Bilingual"},"image":{"@id":"https:\/\/growingupbilingual.com\/es\/#\/schema\/logo\/image\/"},"sameAs":["https:\/\/www.facebook.com\/GrowUpBilingual","https:\/\/x.com\/GrowUpBilingual","https:\/\/www.instagram.com\/paulabendfeldt\/","https:\/\/www.pinterest.com\/paulabendfeldt\/"]}]}},"jetpack-related-posts":[{"id":24160,"url":"https:\/\/growingupbilingual.com\/home\/","url_meta":{"origin":24856,"position":0},"title":"Home","author":"Paula Bendfeldt-Diaz","date":"15 de noviembre de 2017","format":false,"excerpt":"[vc_row el_class=\"gubber\"][vc_column][vc_empty_space height=\"30px\"][vc_text_separator title=\"Travel\" color=\"custom\" el_width=\"90\" accent_color=\"#4b4b4b\" css=\".vc_custom_1683626280691{margin-bottom: 45px !important;}\"][vc_basic_grid post_type=\"post\" max_items=\"9\" style=\"pagination\" items_per_page=\"3\" gap=\"15\" arrows_design=\"vc_arrow-icon-arrow_12_left\" arrows_position=\"outside\" arrows_color=\"black\" paging_design=\"pagination_rounded_dark\" paging_color=\"black\" item=\"24163\" grid_id=\"vc_gid:1771552253620-b8c8f34c-01b3-3\" taxonomies=\"871\"][\/vc_column][\/vc_row][vc_row el_class=\"gubber\"][vc_column][vc_text_separator title=\"Recipes\" color=\"custom\" el_width=\"90\" accent_color=\"#4b4b4b\" css=\".vc_custom_1683626288673{margin-bottom: 45px !important;}\"][vc_basic_grid post_type=\"post\" max_items=\"9\" style=\"pagination\" items_per_page=\"3\" gap=\"15\" arrows_design=\"vc_arrow-icon-arrow_12_left\" arrows_position=\"outside\" arrows_color=\"black\" paging_design=\"pagination_rounded_dark\" paging_color=\"black\" item=\"24163\" grid_id=\"vc_gid:1771552253620-f204f63a-0494-6\" taxonomies=\"1\"][\/vc_column][\/vc_row][vc_row el_class=\"gubber\"][vc_column][vc_text_separator title=\"Lifestyle\" color=\"custom\" el_width=\"90\" accent_color=\"#4b4b4b\" css=\".vc_custom_1535712714076{margin-bottom:\u2026","rel":"","context":"Entrada similar","block_context":{"text":"Entrada similar","link":""},"img":{"alt_text":"","src":"","width":0,"height":0},"classes":[]},{"id":74809,"url":"https:\/\/growingupbilingual.com\/74809-2\/","url_meta":{"origin":24856,"position":1},"title":"The magic of Guatemala doesn't\u2026","author":"Paula Bendfeldt-Diaz","date":"28 de marzo de 2026","format":false,"excerpt":"The magic of Guatemala doesn't reveal itself to everyone.Only to those who know where to look. I'm Paula \u2014 born and raised in Guatemala, and back home in after 17 years in the United States. I create small, intimate experiences for women who are ready for a trip that actually\u2026","rel":"","context":"Entrada similar","block_context":{"text":"Entrada similar","link":""},"img":{"alt_text":"","src":"","width":0,"height":0},"classes":[]},{"id":40256,"url":"https:\/\/growingupbilingual.com\/es\/caso-de-estudio-creacion-de-contenido-turistico-sobre-guatemala\/","url_meta":{"origin":24856,"position":2},"title":"Caso de Estudio Creaci\u00f3n de Contenido Tur\u00edstico sobre Guatemala","author":"Paula Bendfeldt-Diaz","date":"3 de julio de 2019","format":false,"excerpt":"Con m\u00e1s de 7 a\u00f1os de experiencia como influenciadores y escritores de viaje promoviendo destinos tur\u00edsticos en Estados Unidos y en el resto del mundo y trabajando con empresas como TripAdvisor, Delta Airlines, Disney, Hilton tenemos una idea clara de como generar resltados para campa\u00f1as enfocadas en viajes. Como guatemaltecos\u2026","rel":"","context":"Entrada similar","block_context":{"text":"Entrada similar","link":""},"img":{"alt_text":"Caso de estudio mercadeo digital industria turismo Guatemala","src":"https:\/\/i0.wp.com\/growingupbilingual.com\/wp-content\/uploads\/2019\/07\/Las-Lagunas-IG.jpg?resize=350%2C200&ssl=1","width":350,"height":200,"srcset":"https:\/\/i0.wp.com\/growingupbilingual.com\/wp-content\/uploads\/2019\/07\/Las-Lagunas-IG.jpg?resize=350%2C200&ssl=1 1x, https:\/\/i0.wp.com\/growingupbilingual.com\/wp-content\/uploads\/2019\/07\/Las-Lagunas-IG.jpg?resize=525%2C300&ssl=1 1.5x, https:\/\/i0.wp.com\/growingupbilingual.com\/wp-content\/uploads\/2019\/07\/Las-Lagunas-IG.jpg?resize=700%2C400&ssl=1 2x"},"classes":[]},{"id":18373,"url":"https:\/\/growingupbilingual.com\/18373-2\/","url_meta":{"origin":24856,"position":3},"title":"Tavel Blogger Network","author":"Paula Bendfeldt-Diaz","date":"14 de enero de 2016","format":false,"excerpt":"Here is a list of other great travel blogs we follow, check out their blogs and feed your wanderlust! A Local Wander: Michelle is a family travel and outdoor adventure blogger based in Utah with a focus on encouraging families to get outside exploring. Sharing trip information, relevant product reviews,\u2026","rel":"","context":"Entrada similar","block_context":{"text":"Entrada similar","link":""},"img":{"alt_text":"Hagia Sofia in Istanbul at Sunset ","src":"https:\/\/i0.wp.com\/growingupbilingual.com\/wp-content\/uploads\/2016\/01\/IMG_9101-1024x546.jpg?resize=350%2C200&ssl=1","width":350,"height":200,"srcset":"https:\/\/i0.wp.com\/growingupbilingual.com\/wp-content\/uploads\/2016\/01\/IMG_9101-1024x546.jpg?resize=350%2C200&ssl=1 1x, https:\/\/i0.wp.com\/growingupbilingual.com\/wp-content\/uploads\/2016\/01\/IMG_9101-1024x546.jpg?resize=525%2C300&ssl=1 1.5x"},"classes":[]},{"id":12123,"url":"https:\/\/growingupbilingual.com\/he-said-she-said-why-both-my-husband-and-agree-the-nissan-altima-is-a-great-option-for-our-family\/","url_meta":{"origin":24856,"position":4},"title":"He Said, She Said: Why Both My Husband and I Agree the Nissan Altima is a Great Option for Our Family","author":"Paula Bendfeldt-Diaz","date":"24 de julio de 2014","format":false,"excerpt":"Disclosure: This is a sponsored campaign for Colectiva Latina powered by Collective Bias, however all opinions are sincere and are my own. #MyColectiva #VamosConNissan Recently my husband and got to test drive a Nissan Altima. Since both my husband and I work from home we don\u2019t really have a car\u2026","rel":"","context":"Entrada similar","block_context":{"text":"Entrada similar","link":""},"img":{"alt_text":"Nissan Altima","src":"https:\/\/i0.wp.com\/growingupbilingual.com\/wp-content\/uploads\/2014\/07\/IMG_1593.jpg?resize=350%2C200&ssl=1","width":350,"height":200,"srcset":"https:\/\/i0.wp.com\/growingupbilingual.com\/wp-content\/uploads\/2014\/07\/IMG_1593.jpg?resize=350%2C200&ssl=1 1x, https:\/\/i0.wp.com\/growingupbilingual.com\/wp-content\/uploads\/2014\/07\/IMG_1593.jpg?resize=525%2C300&ssl=1 1.5x, https:\/\/i0.wp.com\/growingupbilingual.com\/wp-content\/uploads\/2014\/07\/IMG_1593.jpg?resize=700%2C400&ssl=1 2x"},"classes":[]},{"id":328,"url":"https:\/\/growingupbilingual.com\/gallina-en-pepian-dulce\/","url_meta":{"origin":24856,"position":5},"title":"Gallina en Pepi\u00e1n Dulce: A Sweet and Savory Guatemalan Recipe","author":"Paula Bendfeldt-Diaz","date":"27 de octubre de 2011","format":false,"excerpt":"Gallina en Pepi\u00e1n Dulce is a traditional Guatemalan dish combining tender chicken with a rich and flavorful sauce made from toasted seeds, spices and chocolate. This sweet and savory dish is a delicious twist on a traditional Guatemalan recipe, Pep\u00edan de Pollo and similar to the Mexican mole sauce. Learn\u2026","rel":"","context":"Con 9 comentarios","block_context":{"text":"Con 9 comentarios","link":"https:\/\/growingupbilingual.com\/gallina-en-pepian-dulce\/#comments"},"img":{"alt_text":"Guatemalan mole, Gallina en pepian dulce","src":"https:\/\/i0.wp.com\/growingupbilingual.com\/wp-content\/uploads\/2023\/02\/Depositphotos_276048496_XL-scaled-e1677513232837.jpg?resize=350%2C200&ssl=1","width":350,"height":200,"srcset":"https:\/\/i0.wp.com\/growingupbilingual.com\/wp-content\/uploads\/2023\/02\/Depositphotos_276048496_XL-scaled-e1677513232837.jpg?resize=350%2C200&ssl=1 1x, https:\/\/i0.wp.com\/growingupbilingual.com\/wp-content\/uploads\/2023\/02\/Depositphotos_276048496_XL-scaled-e1677513232837.jpg?resize=525%2C300&ssl=1 1.5x, https:\/\/i0.wp.com\/growingupbilingual.com\/wp-content\/uploads\/2023\/02\/Depositphotos_276048496_XL-scaled-e1677513232837.jpg?resize=700%2C400&ssl=1 2x, https:\/\/i0.wp.com\/growingupbilingual.com\/wp-content\/uploads\/2023\/02\/Depositphotos_276048496_XL-scaled-e1677513232837.jpg?resize=1050%2C600&ssl=1 3x, https:\/\/i0.wp.com\/growingupbilingual.com\/wp-content\/uploads\/2023\/02\/Depositphotos_276048496_XL-scaled-e1677513232837.jpg?resize=1400%2C800&ssl=1 4x"},"classes":[]}],"jetpack_shortlink":"https:\/\/wp.me\/P9gWN9-6sU","jetpack_sharing_enabled":true,"_links":{"self":[{"href":"https:\/\/growingupbilingual.com\/es\/wp-json\/wp\/v2\/pages\/24856","targetHints":{"allow":["GET"]}}],"collection":[{"href":"https:\/\/growingupbilingual.com\/es\/wp-json\/wp\/v2\/pages"}],"about":[{"href":"https:\/\/growingupbilingual.com\/es\/wp-json\/wp\/v2\/types\/page"}],"author":[{"embeddable":true,"href":"https:\/\/growingupbilingual.com\/es\/wp-json\/wp\/v2\/users\/1"}],"replies":[{"embeddable":true,"href":"https:\/\/growingupbilingual.com\/es\/wp-json\/wp\/v2\/comments?post=24856"}],"version-history":[{"count":0,"href":"https:\/\/growingupbilingual.com\/es\/wp-json\/wp\/v2\/pages\/24856\/revisions"}],"wp:attachment":[{"href":"https:\/\/growingupbilingual.com\/es\/wp-json\/wp\/v2\/media?parent=24856"}],"curies":[{"name":"wp","href":"https:\/\/api.w.org\/{rel}","templated":true}]}}